{"id":302,"date":"2023-01-17T23:49:32","date_gmt":"2023-01-17T22:49:32","guid":{"rendered":"https:\/\/www.newartplace.com\/blog\/?page_id=302"},"modified":"2023-01-18T18:23:42","modified_gmt":"2023-01-18T17:23:42","slug":"newsletter","status":"publish","type":"page","link":"https:\/\/www.newartplace.com\/blog\/newsletter\/","title":{"rendered":"Newsletter"},"content":{"rendered":"\n<p>N&rsquo;h\u00e9sitez pas \u00e0 vous inscrire \u00e0 notre newsletter. gregegergergeger<br><\/p>\n\n\n\n<figure class=\"wp-block-table\"><table><tbody><tr><td>\n\t\t\t<form id=\"sib_signup_form_1\" method=\"post\" class=\"sib_signup_form\">\n\t\t\t\t<div class=\"sib_loader\" style=\"display:none;\"><img\n\t\t\t\t\t\t\tsrc=\"https:\/\/www.newartplace.com\/blog\/wp-includes\/images\/spinner.gif\" alt=\"loader\"><\/div>\n\t\t\t\t<input type=\"hidden\" name=\"sib_form_action\" value=\"subscribe_form_submit\">\n\t\t\t\t<input type=\"hidden\" name=\"sib_form_id\" value=\"1\">\n                <input type=\"hidden\" name=\"sib_form_alert_notice\" value=\"Remplissez ce champ s\u2019il vous pla\u00eet\">\n                <input type=\"hidden\" name=\"sib_form_invalid_email_notice\" value=\"Cette adresse email n&#039;est pas valide\">\n                <input type=\"hidden\" name=\"sib_security\" value=\"910f9bb45c\">\n\t\t\t\t<div class=\"sib_signup_box_inside_1\">\n\t\t\t\t\t<div style=\"\/*display:none*\/\" class=\"sib_msg_disp\">\n\t\t\t\t\t<\/div>\n                    \t\t\t\t\t<p class=\"sib-email-area\">\r\n    \r\n    <input type=\"email\" class=\"sib-email-area\" name=\"email\" required=\"required\" placeholder=\"Votre E-mail\">\r\n<\/p>\r\n\r\n<input type=\"checkbox\" name=\"terms\" required=\"required\">\r\n*J'ai lu la <a href=\"https:\/\/www.newartplace.com\/blog\/politique-de-confidentialite\/\">politique de confidentialit\u00e9<\/a>  et j'accepte ses conditions.<\/p>\r\n<p>\r\n    <input type=\"submit\" class=\"sib-default-btn\" value=\"Je m'inscris\">\r\n<\/p>\r\n\t\t\t\t<\/div>\n\t\t\t<\/form>\n\t\t\t<style>\n\t\t\t\tform#sib_signup_form_1 p.sib-alert-message {\n    padding: 6px 12px;\n    margin-bottom: 20px;\n    border: 1px solid transparent;\n    border-radius: 4px;\n    -webkit-box-sizing: border-box;\n    -moz-box-sizing: border-box;\n    box-sizing: border-box;\n}\nform#sib_signup_form_1 p.sib-alert-message-error {\n    background-color: #f2dede;\n    border-color: #ebccd1;\n    color: #a94442;\n}\nform#sib_signup_form_1 p.sib-alert-message-success {\n    background-color: #dff0d8;\n    border-color: #d6e9c6;\n    color: #3c763d;\n}\nform#sib_signup_form_1 p.sib-alert-message-warning {\n    background-color: #fcf8e3;\n    border-color: #faebcc;\n    color: #8a6d3b;\n}\n\t\t\t<\/style>\n\t\t\t<\/td><\/tr><\/tbody><\/table><\/figure>\n\n\n\n<p><\/p>\n","protected":false},"excerpt":{"rendered":"<p>N&rsquo;h\u00e9sitez pas \u00e0 vous inscrire \u00e0 notre newsletter. gregegergergeger<\/p>\n","protected":false},"author":1,"featured_media":0,"parent":0,"menu_order":0,"comment_status":"closed","ping_status":"open","template":"","meta":{"footnotes":""},"class_list":["post-302","page","type-page","status-publish","hentry"],"yoast_head":"<!-- This site is optimized with the Yoast SEO plugin v26.1.1 - https:\/\/yoast.com\/wordpress\/plugins\/seo\/ -->\n<title>Newsletter - NEWARTPLACE<\/title>\n<meta name=\"robots\" content=\"index, follow, max-snippet:-1, max-image-preview:large, max-video-preview:-1\" \/>\n<link rel=\"canonical\" href=\"https:\/\/www.newartplace.com\/blog\/newsletter\/\" \/>\n<meta property=\"og:locale\" content=\"fr_FR\" \/>\n<meta property=\"og:type\" content=\"article\" \/>\n<meta property=\"og:title\" content=\"Newsletter - NEWARTPLACE\" \/>\n<meta property=\"og:description\" content=\"N&rsquo;h\u00e9sitez pas \u00e0 vous inscrire \u00e0 notre newsletter. gregegergergeger\" \/>\n<meta property=\"og:url\" content=\"https:\/\/www.newartplace.com\/blog\/newsletter\/\" \/>\n<meta property=\"og:site_name\" content=\"NEWARTPLACE\" \/>\n<meta property=\"article:modified_time\" content=\"2023-01-18T17:23:42+00:00\" \/>\n<meta name=\"twitter:card\" content=\"summary_large_image\" \/>\n<script type=\"application\/ld+json\" class=\"yoast-schema-graph\">{\"@context\":\"https:\/\/schema.org\",\"@graph\":[{\"@type\":\"WebPage\",\"@id\":\"https:\/\/www.newartplace.com\/blog\/newsletter\/\",\"url\":\"https:\/\/www.newartplace.com\/blog\/newsletter\/\",\"name\":\"Newsletter - NEWARTPLACE\",\"isPartOf\":{\"@id\":\"https:\/\/www.newartplace.com\/blog\/#website\"},\"datePublished\":\"2023-01-17T22:49:32+00:00\",\"dateModified\":\"2023-01-18T17:23:42+00:00\",\"breadcrumb\":{\"@id\":\"https:\/\/www.newartplace.com\/blog\/newsletter\/#breadcrumb\"},\"inLanguage\":\"fr-FR\",\"potentialAction\":[{\"@type\":\"ReadAction\",\"target\":[\"https:\/\/www.newartplace.com\/blog\/newsletter\/\"]}]},{\"@type\":\"BreadcrumbList\",\"@id\":\"https:\/\/www.newartplace.com\/blog\/newsletter\/#breadcrumb\",\"itemListElement\":[{\"@type\":\"ListItem\",\"position\":1,\"name\":\"Home\",\"item\":\"https:\/\/www.newartplace.com\/blog\/\"},{\"@type\":\"ListItem\",\"position\":2,\"name\":\"Newsletter\"}]},{\"@type\":\"WebSite\",\"@id\":\"https:\/\/www.newartplace.com\/blog\/#website\",\"url\":\"https:\/\/www.newartplace.com\/blog\/\",\"name\":\"NEWARTPLACE\",\"description\":\"Les plus belles expositions sur vos \u00e9crans\",\"potentialAction\":[{\"@type\":\"SearchAction\",\"target\":{\"@type\":\"EntryPoint\",\"urlTemplate\":\"https:\/\/www.newartplace.com\/blog\/?s={search_term_string}\"},\"query-input\":{\"@type\":\"PropertyValueSpecification\",\"valueRequired\":true,\"valueName\":\"search_term_string\"}}],\"inLanguage\":\"fr-FR\"}]}<\/script>\n<!-- \/ Yoast SEO plugin. -->","yoast_head_json":{"title":"Newsletter - NEWARTPLACE","robots":{"index":"index","follow":"follow","max-snippet":"max-snippet:-1","max-image-preview":"max-image-preview:large","max-video-preview":"max-video-preview:-1"},"canonical":"https:\/\/www.newartplace.com\/blog\/newsletter\/","og_locale":"fr_FR","og_type":"article","og_title":"Newsletter - NEWARTPLACE","og_description":"N&rsquo;h\u00e9sitez pas \u00e0 vous inscrire \u00e0 notre newsletter. gregegergergeger","og_url":"https:\/\/www.newartplace.com\/blog\/newsletter\/","og_site_name":"NEWARTPLACE","article_modified_time":"2023-01-18T17:23:42+00:00","twitter_card":"summary_large_image","schema":{"@context":"https:\/\/schema.org","@graph":[{"@type":"WebPage","@id":"https:\/\/www.newartplace.com\/blog\/newsletter\/","url":"https:\/\/www.newartplace.com\/blog\/newsletter\/","name":"Newsletter - NEWARTPLACE","isPartOf":{"@id":"https:\/\/www.newartplace.com\/blog\/#website"},"datePublished":"2023-01-17T22:49:32+00:00","dateModified":"2023-01-18T17:23:42+00:00","breadcrumb":{"@id":"https:\/\/www.newartplace.com\/blog\/newsletter\/#breadcrumb"},"inLanguage":"fr-FR","potentialAction":[{"@type":"ReadAction","target":["https:\/\/www.newartplace.com\/blog\/newsletter\/"]}]},{"@type":"BreadcrumbList","@id":"https:\/\/www.newartplace.com\/blog\/newsletter\/#breadcrumb","itemListElement":[{"@type":"ListItem","position":1,"name":"Home","item":"https:\/\/www.newartplace.com\/blog\/"},{"@type":"ListItem","position":2,"name":"Newsletter"}]},{"@type":"WebSite","@id":"https:\/\/www.newartplace.com\/blog\/#website","url":"https:\/\/www.newartplace.com\/blog\/","name":"NEWARTPLACE","description":"Les plus belles expositions sur vos \u00e9crans","potentialAction":[{"@type":"SearchAction","target":{"@type":"EntryPoint","urlTemplate":"https:\/\/www.newartplace.com\/blog\/?s={search_term_string}"},"query-input":{"@type":"PropertyValueSpecification","valueRequired":true,"valueName":"search_term_string"}}],"inLanguage":"fr-FR"}]}},"_links":{"self":[{"href":"https:\/\/www.newartplace.com\/blog\/wp-json\/wp\/v2\/pages\/302","targetHints":{"allow":["GET"]}}],"collection":[{"href":"https:\/\/www.newartplace.com\/blog\/wp-json\/wp\/v2\/pages"}],"about":[{"href":"https:\/\/www.newartplace.com\/blog\/wp-json\/wp\/v2\/types\/page"}],"author":[{"embeddable":true,"href":"https:\/\/www.newartplace.com\/blog\/wp-json\/wp\/v2\/users\/1"}],"replies":[{"embeddable":true,"href":"https:\/\/www.newartplace.com\/blog\/wp-json\/wp\/v2\/comments?post=302"}],"version-history":[{"count":5,"href":"https:\/\/www.newartplace.com\/blog\/wp-json\/wp\/v2\/pages\/302\/revisions"}],"predecessor-version":[{"id":343,"href":"https:\/\/www.newartplace.com\/blog\/wp-json\/wp\/v2\/pages\/302\/revisions\/343"}],"wp:attachment":[{"href":"https:\/\/www.newartplace.com\/blog\/wp-json\/wp\/v2\/media?parent=302"}],"curies":[{"name":"wp","href":"https:\/\/api.w.org\/{rel}","templated":true}]}}