{"id":3,"date":"2022-12-13T22:13:22","date_gmt":"2022-12-13T21:13:22","guid":{"rendered":"https:\/\/www.newartplace.com\/blog\/?page_id=3"},"modified":"2022-12-14T00:02:48","modified_gmt":"2022-12-13T23:02:48","slug":"politique-de-confidentialite","status":"publish","type":"page","link":"https:\/\/www.newartplace.com\/blog\/politique-de-confidentialite\/","title":{"rendered":"Cookies"},"content":{"rendered":"\n<p>Version en vigueur \u00e0 compter du 13 f\u00e9vrier 2022<\/p>\n\n\n\n<p>Lorsque vous vous connectez \u00e0 notre site internet, accessible \u00e0 l\u2019adresse www.newartplace.com (ci-apr\u00e8s le \u00ab&nbsp;<strong>Site&nbsp;<\/strong>\u00bb) divers cookies sont susceptibles d\u2019\u00eatre install\u00e9s, sous r\u00e9serve de vos choix, dans votre terminal (qu\u2019il soit un ordinateur, une tablette ou un t\u00e9l\u00e9phone portable, ci-apr\u00e8s d\u00e9sign\u00e9 votre \u00ab&nbsp;<strong>Terminal&nbsp;<\/strong>\u00bb) nous permettant de reconna\u00eetre le navigateur de votre Terminal pendant la dur\u00e9e de validit\u00e9 du Cookie concern\u00e9.<\/p>\n\n\n\n<p>Gr\u00e2ce \u00e0 notre Politique d\u2019utilisation des cookies, nous vous pr\u00e9cisions en quoi consiste un Cookie, nous vous informons des cookies qui sont \u00e9mis par notre Site et vous informons des moyens dont vous disposez pour effectuer des choix \u00e0 l\u2019\u00e9gard de ces Cookies.<\/p>\n\n\n\n<p><strong>Qu&rsquo;est-ce qu&rsquo;un cookie ?<\/strong><\/p>\n\n\n\n<p>Un cookie ou traceur est un fichier texte susceptible d\u2019\u00eatre enregistr\u00e9 dans un espace d\u00e9di\u00e9 du disque dur de votre Terminal, gr\u00e2ce au logiciel de navigation que vous utilisez pour consulter notre Site et sous r\u00e9serve des choix que vous avez enregistr\u00e9s dans votre navigateur en mati\u00e8re de cookies.<\/p>\n\n\n\n<p>Les Cookies ne permettent pas d\u2019identifier directement un utilisateur, mais permettent \u00e0 leur \u00e9metteur d\u2019identifier le terminal dans lequel il est enregistr\u00e9, et ce pendant la dur\u00e9e de validit\u00e9 ou d\u2019enregistrement du Cookie, et ce pour une dur\u00e9e maximale de treize mois .<\/p>\n\n\n\n<p>Certains Cookies sont indispensables \u00e0 l\u2019utilisation du Site, d\u2019autres permettent d\u2019optimiser et de personnaliser les contenus affich\u00e9s sur notre Site, de partager du contenu, enfin, d\u2019afficher des publicit\u00e9s cibl\u00e9es.<\/p>\n\n\n\n<p><strong>Quels sont les cookies \u00e9mis sur www.newartplace.com ? &nbsp;<\/strong><\/p>\n\n\n\n<p>Notre Site utilise quatre types de cookies diff\u00e9rents : &nbsp;&nbsp;<br>\u2022&nbsp;&nbsp; &nbsp;Des&nbsp;<strong>cookies techniques<\/strong>&nbsp;permettant de vous d\u00e9placer sur notre Site et d&rsquo;utiliser ses fonctionnalit\u00e9s, notamment d&rsquo;acc\u00e9der \u00e0 des espaces r\u00e9serv\u00e9s et personnels du Site, tels que votre compte, gr\u00e2ce \u00e0 des identifiants ou des donn\u00e9es que vous nous avez \u00e9ventuellement ant\u00e9rieurement confi\u00e9s ;<\/p>\n\n\n\n<p>\u2022&nbsp;&nbsp; &nbsp;Des&nbsp;<strong>cookies fonctionnels<\/strong>&nbsp;permettant de m\u00e9moriser vos pr\u00e9f\u00e9rences sur le Site ou d&rsquo;enregistrer vos informations de connexion pour rester connect\u00e9 lors de votre prochaine visite.&nbsp;<\/p>\n\n\n\n<p>\u2022&nbsp;&nbsp; &nbsp;Des&nbsp;<strong>cookies de mesure d\u2019audience<\/strong>&nbsp;permettant d\u2019analyser votre navigation et de mesurer l\u2019audience de notre Site afin d\u2019\u00e9tablir des statistiques et volumes de fr\u00e9quentation et d\u2019utilisation des divers \u00e9l\u00e9ments composant notre Site (rubriques et contenus visit\u00e9s, parcours), et ainsi d\u2019am\u00e9liorer l\u2019int\u00e9r\u00eat et l\u2019ergonomie de ses services ;<\/p>\n\n\n\n<p>Dans la mesure o\u00f9 vous nous avez fourni des donn\u00e9es personnelles, notamment vos coordonn\u00e9es \u00e9lectroniques, lors de votre inscription, votre commande ou de votre acc\u00e8s \u00e0 l&rsquo;un de nos services, les cookies permettent d&rsquo;associer ces donn\u00e9es avec des informations de navigation afin de vous adresser, par exemple, des prospections \u00e9lectroniques ou d&rsquo;afficher sur votre Terminal, au sein d&rsquo;espaces publicitaires que nous \u00e9mettons, des publicit\u00e9s personnalis\u00e9es qui vous sont sp\u00e9cifiquement destin\u00e9es, susceptibles de vous int\u00e9resser personnellement ;<\/p>\n\n\n\n<p>\u2022&nbsp;&nbsp; &nbsp;Des&nbsp;<strong>cookies de r\u00e9seaux sociaux<\/strong>&nbsp;contenant des liens de partage vers Facebook, Twitter, Instagram, Tiktok et YouTube et autres r\u00e9seaux sociaux similaires, qui vous permettent de partager des contenus de notre Site avec d\u2019autres personnes ou de faire conna\u00eetre \u00e0 ces autres personnes votre consultation ou votre opinion concernant un contenu du Site.&nbsp;<\/p>\n\n\n\n<p>Ces r\u00e9seaux sociaux peuvent collecter des donn\u00e9es relatives \u00e0 votre navigation sur notre Site et associ\u00e9es aux donn\u00e9es personnelles dont ils disposent.<\/p>\n\n\n\n<p>Nous n\u2019avons aucun contr\u00f4le sur le processus employ\u00e9 par les r\u00e9seaux sociaux pour collecter des informations relatives \u00e0 votre navigation sur notre Site et associ\u00e9es aux donn\u00e9es personnelles dont ils disposent.<\/p>\n\n\n\n<p>Nous vous recommandons de consulter les politiques de protection de la vie priv\u00e9e de ces r\u00e9seaux sociaux afin de prendre connaissance des finalit\u00e9s d\u2019utilisation, notamment publicitaires, des informations de navigation qu\u2019ils peuvent recueillir gr\u00e2ce \u00e0 ces boutons de partage.<\/p>\n\n\n\n<p>Il vous est possible d&rsquo;exercer vos choix aupr\u00e8s de ces r\u00e9seaux sociaux, notamment en param\u00e9trant vos comptes d&rsquo;utilisation de chacun de ces r\u00e9seaux, en cliquant sur les liens suivants :<\/p>\n\n\n\n<p>o&nbsp;&nbsp; &nbsp;Facebook&nbsp;:&nbsp;<a href=\"https:\/\/www.facebook.com\/about\/privacy\/\" target=\"_blank\" rel=\"noreferrer noopener\">politique d\u2019utilisation des donn\u00e9es<\/a><br>o&nbsp;&nbsp; &nbsp;Instagram :&nbsp;<a href=\"https:\/\/help.instagram.com\/155833707900388\" target=\"_blank\" rel=\"noreferrer noopener\">politique d\u2019utilisation des donn\u00e9es<\/a><br>o&nbsp;&nbsp; &nbsp;Twitter :&nbsp;<a href=\"https:\/\/twitter.com\/privacy\" target=\"_blank\" rel=\"noreferrer noopener\">politique d\u2019utilisation des donn\u00e9es<\/a><br>o&nbsp;&nbsp; &nbsp;Youtube&nbsp;:&nbsp;<a href=\"https:\/\/policies.google.com\/privacy?hl=fr#infochoices\">politique d\u2019utilisation des donn\u00e9es<\/a><br>o&nbsp;&nbsp; &nbsp;Tiktok&nbsp;:&nbsp;<a href=\"https:\/\/www.tiktok.com\/legal\/cookie-settings?lang=fr\">Politique d\u2019utilisation des donn\u00e9es<\/a><\/p>\n\n\n\n<p><strong>Comment G\u00e9rer vos pr\u00e9f\u00e9rences en mati\u00e8re de cookies ?<\/strong><\/p>\n\n\n\n<p><strong>\u2022&nbsp;&nbsp; &nbsp;Vos choix concernant les cookies<\/strong><br>Tout enregistrement de cookie sur votre Terminal n\u00e9cessite votre consentement lequel peut \u00eatre modifi\u00e9, \u00e0 tout moment et gratuitement, en modifiant les param\u00e9trages de votre navigateur.&nbsp;<br>Lorsque vous visitez notre Site pour la premi\u00e8re fois, vous \u00eates inform\u00e9 au moyen d\u2019une banni\u00e8re d\u2019information figurant sur la page d\u2019accueil de notre Site de l\u2019utilisation de cookies par notre Site.<br>Lors de cette premi\u00e8re connexion, vous \u00eates libre de :&nbsp;<br>o&nbsp;&nbsp; &nbsp;d\u00e9cider que des cookies soient d\u00e9pos\u00e9s sur votre disque dur en cliquant sur \u00ab tout accepter \u00bb,&nbsp;<br>o&nbsp;&nbsp; &nbsp;refuser que des cookies soient d\u00e9pos\u00e9s sur votre disque dur en cliquant sur \u00ab tout refuser \u00bb,&nbsp;<br>o&nbsp;&nbsp; &nbsp;param\u00e9trer le d\u00e9p\u00f4t de cookies via notre Site en cliquant sur \u00ab param\u00e9trage mes choix \u00bb.<br>Si vous avez accept\u00e9 l\u2019enregistrement des cookies dans votre Terminal, les cookies int\u00e9gr\u00e9s sur les pages et contenus que vous avez consult\u00e9s seront stock\u00e9s dans un espace r\u00e9serv\u00e9 de votre Terminal et ne seront lisibles et reconnaissables que par l\u2019\u00e9metteur.<br>Vous pouvez n\u00e9anmoins modifier \u00e0 tout moment les param\u00e8tres relatifs aux Cookies.<br>Vous pouvez en effet \u00e0 n\u2019importe quel moment configurer votre logiciel de navigation pour que les cookies soient enregistr\u00e9s dans votre Terminal, ou au contraire qu\u2019ils soient d\u00e9sactiv\u00e9s.&nbsp;<br>Vous pouvez \u00e9galement configurer votre logiciel de navigation afin que l\u2019acceptation des cookies vous soit propos\u00e9e ponctuellement et ce, avant qu\u2019un cookie ne soit enregistr\u00e9 dans votre Terminal.<br>Dans le cas o\u00f9 vous refuseriez l\u2019enregistrement des cookies, ou si vous supprimez ceux qui sont enregistr\u00e9s, certaines fonctionnalit\u00e9s de notre Site ne vous seront plus accessibles.&nbsp;<br>Le cas \u00e9ch\u00e9ant, nous d\u00e9clinons toute responsabilit\u00e9 quant aux cons\u00e9quences li\u00e9es au fonctionnement d\u00e9grad\u00e9 de nos services en raison des param\u00e9trages que vous aurez choisis.<\/p>\n\n\n\n<p><br><strong>\u2022&nbsp;&nbsp; &nbsp;Comment exercer vos choix selon le navigateur que vous utilisez ?<\/strong><\/p>\n\n\n\n<p>S\u2019agissant de la gestion des cookies, chaque logiciel de navigation propose des modalit\u00e9s de configuration diff\u00e9rentes, d\u00e9crites dans le menu d\u2019aide de chaque navigateur ou en cliquant sur les liens suivants :<\/p>\n\n\n\n<p>Pour Internet Explorer\u2122 :&nbsp;<a href=\"http:\/\/windows.microsoft.com\/fr-FR\/windows-vista\/Block-or-allow-cookies\">http:\/\/windows.microsoft.com\/fr-FR\/windows-vista\/Block-or-allow-cookies<\/a>&nbsp;,<br>Pour Safari\u2122 :&nbsp;<a href=\"http:\/\/docs.info.apple.com\/article.html?path=Safari\/3.0\/fr\/9277.html\">http:\/\/docs.info.apple.com\/article.html?path=Safari\/3.0\/fr\/9277.html<\/a>&nbsp;,<br>Pour Chrome\u2122 :&nbsp;<a href=\"http:\/\/support.google.com\/chrome\/bin\/answer.py?hl=fr&amp;hlrm=en&amp;answer=95647\">http:\/\/support.google.com\/chrome\/bin\/answer.py?hl=fr&amp;hlrm=en&amp;answer=95647<\/a>&nbsp;,<br>Pour Firefox\u2122 :&nbsp;<a href=\"http:\/\/support.mozilla.org\/fr\/kb\/Activer%20et%20d%C3%A9sactiver%20les%20cookies\">http:\/\/support.mozilla.org\/fr\/kb\/Activer%20et%20d%C3%A9sactiver%20les%20cookies<\/a>&nbsp;,<br>Pour Opera\u2122 :&nbsp;<a href=\"http:\/\/help.opera.com\/Windows\/10.20\/fr\/cookies.html\">http:\/\/help.opera.com\/Windows\/10.20\/fr\/cookies.html<\/a><\/p>\n\n\n\n<p>***<br>Pour plus d\u2019informations sur les cookies, n\u2019h\u00e9sitez pas \u00e0 consulter le site de la CNIL&nbsp;<\/p>\n","protected":false},"excerpt":{"rendered":"<p>Version en vigueur \u00e0 compter du 13 f\u00e9vrier 2022 Lorsque vous vous connectez \u00e0 notre site internet, accessible \u00e0 l\u2019adresse www.newartplace.com (ci-apr\u00e8s le \u00ab&nbsp;Site&nbsp;\u00bb) divers cookies sont susceptibles d\u2019\u00eatre install\u00e9s, sous r\u00e9serve de vos choix, dans votre terminal (qu\u2019il soit un ordinateur, une tablette ou un t\u00e9l\u00e9phone portable, ci-apr\u00e8s d\u00e9sign\u00e9 votre \u00ab&nbsp;Terminal&nbsp;\u00bb) nous permettant de reconna\u00eetre le navigateur de votre [&hellip;]<\/p>\n","protected":false},"author":1,"featured_media":0,"parent":0,"menu_order":0,"comment_status":"closed","ping_status":"open","template":"","meta":{"footnotes":""},"class_list":["post-3","page","type-page","status-publish","hentry"],"yoast_head":"<!-- This site is optimized with the Yoast SEO plugin v26.1.1 - https:\/\/yoast.com\/wordpress\/plugins\/seo\/ -->\n<title>Cookies - NEWARTPLACE<\/title>\n<meta name=\"robots\" content=\"index, follow, max-snippet:-1, max-image-preview:large, max-video-preview:-1\" \/>\n<link rel=\"canonical\" href=\"https:\/\/www.newartplace.com\/blog\/politique-de-confidentialite\/\" \/>\n<meta property=\"og:locale\" content=\"fr_FR\" \/>\n<meta property=\"og:type\" content=\"article\" \/>\n<meta property=\"og:title\" content=\"Cookies - NEWARTPLACE\" \/>\n<meta property=\"og:description\" content=\"Version en vigueur \u00e0 compter du 13 f\u00e9vrier 2022 Lorsque vous vous connectez \u00e0 notre site internet, accessible \u00e0 l\u2019adresse www.newartplace.com (ci-apr\u00e8s le \u00ab&nbsp;Site&nbsp;\u00bb) divers cookies sont susceptibles d\u2019\u00eatre install\u00e9s, sous r\u00e9serve de vos choix, dans votre terminal (qu\u2019il soit un ordinateur, une tablette ou un t\u00e9l\u00e9phone portable, ci-apr\u00e8s d\u00e9sign\u00e9 votre \u00ab&nbsp;Terminal&nbsp;\u00bb) nous permettant de reconna\u00eetre le navigateur de votre [&hellip;]\" \/>\n<meta property=\"og:url\" content=\"https:\/\/www.newartplace.com\/blog\/politique-de-confidentialite\/\" \/>\n<meta property=\"og:site_name\" content=\"NEWARTPLACE\" \/>\n<meta property=\"article:modified_time\" content=\"2022-12-13T23:02:48+00:00\" \/>\n<meta name=\"twitter:card\" content=\"summary_large_image\" \/>\n<meta name=\"twitter:label1\" content=\"Est. reading time\" \/>\n\t<meta name=\"twitter:data1\" content=\"6 minutes\" \/>\n<script type=\"application\/ld+json\" class=\"yoast-schema-graph\">{\"@context\":\"https:\/\/schema.org\",\"@graph\":[{\"@type\":\"WebPage\",\"@id\":\"https:\/\/www.newartplace.com\/blog\/politique-de-confidentialite\/\",\"url\":\"https:\/\/www.newartplace.com\/blog\/politique-de-confidentialite\/\",\"name\":\"Cookies - NEWARTPLACE\",\"isPartOf\":{\"@id\":\"https:\/\/www.newartplace.com\/blog\/#website\"},\"datePublished\":\"2022-12-13T21:13:22+00:00\",\"dateModified\":\"2022-12-13T23:02:48+00:00\",\"breadcrumb\":{\"@id\":\"https:\/\/www.newartplace.com\/blog\/politique-de-confidentialite\/#breadcrumb\"},\"inLanguage\":\"fr-FR\",\"potentialAction\":[{\"@type\":\"ReadAction\",\"target\":[\"https:\/\/www.newartplace.com\/blog\/politique-de-confidentialite\/\"]}]},{\"@type\":\"BreadcrumbList\",\"@id\":\"https:\/\/www.newartplace.com\/blog\/politique-de-confidentialite\/#breadcrumb\",\"itemListElement\":[{\"@type\":\"ListItem\",\"position\":1,\"name\":\"Home\",\"item\":\"https:\/\/www.newartplace.com\/blog\/\"},{\"@type\":\"ListItem\",\"position\":2,\"name\":\"Cookies\"}]},{\"@type\":\"WebSite\",\"@id\":\"https:\/\/www.newartplace.com\/blog\/#website\",\"url\":\"https:\/\/www.newartplace.com\/blog\/\",\"name\":\"NEWARTPLACE\",\"description\":\"Les plus belles expositions sur vos \u00e9crans\",\"potentialAction\":[{\"@type\":\"SearchAction\",\"target\":{\"@type\":\"EntryPoint\",\"urlTemplate\":\"https:\/\/www.newartplace.com\/blog\/?s={search_term_string}\"},\"query-input\":{\"@type\":\"PropertyValueSpecification\",\"valueRequired\":true,\"valueName\":\"search_term_string\"}}],\"inLanguage\":\"fr-FR\"}]}<\/script>\n<!-- \/ Yoast SEO plugin. -->","yoast_head_json":{"title":"Cookies - NEWARTPLACE","robots":{"index":"index","follow":"follow","max-snippet":"max-snippet:-1","max-image-preview":"max-image-preview:large","max-video-preview":"max-video-preview:-1"},"canonical":"https:\/\/www.newartplace.com\/blog\/politique-de-confidentialite\/","og_locale":"fr_FR","og_type":"article","og_title":"Cookies - NEWARTPLACE","og_description":"Version en vigueur \u00e0 compter du 13 f\u00e9vrier 2022 Lorsque vous vous connectez \u00e0 notre site internet, accessible \u00e0 l\u2019adresse www.newartplace.com (ci-apr\u00e8s le \u00ab&nbsp;Site&nbsp;\u00bb) divers cookies sont susceptibles d\u2019\u00eatre install\u00e9s, sous r\u00e9serve de vos choix, dans votre terminal (qu\u2019il soit un ordinateur, une tablette ou un t\u00e9l\u00e9phone portable, ci-apr\u00e8s d\u00e9sign\u00e9 votre \u00ab&nbsp;Terminal&nbsp;\u00bb) nous permettant de reconna\u00eetre le navigateur de votre [&hellip;]","og_url":"https:\/\/www.newartplace.com\/blog\/politique-de-confidentialite\/","og_site_name":"NEWARTPLACE","article_modified_time":"2022-12-13T23:02:48+00:00","twitter_card":"summary_large_image","twitter_misc":{"Est. reading time":"6 minutes"},"schema":{"@context":"https:\/\/schema.org","@graph":[{"@type":"WebPage","@id":"https:\/\/www.newartplace.com\/blog\/politique-de-confidentialite\/","url":"https:\/\/www.newartplace.com\/blog\/politique-de-confidentialite\/","name":"Cookies - NEWARTPLACE","isPartOf":{"@id":"https:\/\/www.newartplace.com\/blog\/#website"},"datePublished":"2022-12-13T21:13:22+00:00","dateModified":"2022-12-13T23:02:48+00:00","breadcrumb":{"@id":"https:\/\/www.newartplace.com\/blog\/politique-de-confidentialite\/#breadcrumb"},"inLanguage":"fr-FR","potentialAction":[{"@type":"ReadAction","target":["https:\/\/www.newartplace.com\/blog\/politique-de-confidentialite\/"]}]},{"@type":"BreadcrumbList","@id":"https:\/\/www.newartplace.com\/blog\/politique-de-confidentialite\/#breadcrumb","itemListElement":[{"@type":"ListItem","position":1,"name":"Home","item":"https:\/\/www.newartplace.com\/blog\/"},{"@type":"ListItem","position":2,"name":"Cookies"}]},{"@type":"WebSite","@id":"https:\/\/www.newartplace.com\/blog\/#website","url":"https:\/\/www.newartplace.com\/blog\/","name":"NEWARTPLACE","description":"Les plus belles expositions sur vos \u00e9crans","potentialAction":[{"@type":"SearchAction","target":{"@type":"EntryPoint","urlTemplate":"https:\/\/www.newartplace.com\/blog\/?s={search_term_string}"},"query-input":{"@type":"PropertyValueSpecification","valueRequired":true,"valueName":"search_term_string"}}],"inLanguage":"fr-FR"}]}},"_links":{"self":[{"href":"https:\/\/www.newartplace.com\/blog\/wp-json\/wp\/v2\/pages\/3","targetHints":{"allow":["GET"]}}],"collection":[{"href":"https:\/\/www.newartplace.com\/blog\/wp-json\/wp\/v2\/pages"}],"about":[{"href":"https:\/\/www.newartplace.com\/blog\/wp-json\/wp\/v2\/types\/page"}],"author":[{"embeddable":true,"href":"https:\/\/www.newartplace.com\/blog\/wp-json\/wp\/v2\/users\/1"}],"replies":[{"embeddable":true,"href":"https:\/\/www.newartplace.com\/blog\/wp-json\/wp\/v2\/comments?post=3"}],"version-history":[{"count":1,"href":"https:\/\/www.newartplace.com\/blog\/wp-json\/wp\/v2\/pages\/3\/revisions"}],"predecessor-version":[{"id":267,"href":"https:\/\/www.newartplace.com\/blog\/wp-json\/wp\/v2\/pages\/3\/revisions\/267"}],"wp:attachment":[{"href":"https:\/\/www.newartplace.com\/blog\/wp-json\/wp\/v2\/media?parent=3"}],"curies":[{"name":"wp","href":"https:\/\/api.w.org\/{rel}","templated":true}]}}