{"id":269,"date":"2022-12-14T00:04:05","date_gmt":"2022-12-13T23:04:05","guid":{"rendered":"https:\/\/www.newartplace.com\/blog\/?page_id=269"},"modified":"2022-12-14T00:04:07","modified_gmt":"2022-12-13T23:04:07","slug":"mentions-legales","status":"publish","type":"page","link":"https:\/\/www.newartplace.com\/blog\/mentions-legales\/","title":{"rendered":"Mentions l\u00e9gales"},"content":{"rendered":"\n<p>Version en vigueur \u00e0 compter du 13 f\u00e9vrier 2022<\/p>\n\n\n\n<p>Le site www.newartplace.com (ci-apr\u00e8s le \u00ab\u00a0Site\u00a0\u00bb) est \u00e9dit\u00e9 et exploit\u00e9 par la Soci\u00e9t\u00e9 NEW ART PLACE, soci\u00e9t\u00e9 par actions simplifi\u00e9es, au capital de 1.000 euros, inscrite au Registre du commerce et des soci\u00e9t\u00e9s de Paris sous le num\u00e9ro 893 912 311 et dont le si\u00e8ge social est situ\u00e9 6 rue Singer \u2013 75016 Paris et dont le num\u00e9ro de TVA intracommunautaire est FR61893912311.<\/p>\n\n\n\n<p>La directrice de publication est : Madame Sarah Ganon Brami.&nbsp;<\/p>\n\n\n\n<p>Vous pouvez nous joindre :<\/p>\n\n\n\n<p>Par t\u00e9l\u00e9phone au num\u00e9ro suivant : + 33 (0) FR 6 69 43 02 51.<\/p>\n\n\n\n<p>Par courrier \u00e9lectronique \u00e0 l\u2019adresse suivante :&nbsp;<a href=\"mailto:contact@newartplace.com\">contact@newartplace.com<\/a>.<\/p>\n\n\n\n<p>Le cas \u00e9ch\u00e9ant : Via notre formulaire de prise de contact disponible sur le Site.<\/p>\n\n\n\n<p>L\u2019h\u00e9bergement du site internet est assur\u00e9 par la soci\u00e9t\u00e9 OVH SAS soci\u00e9t\u00e9 au capital de 10 174 560 \u20ac, dont le si\u00e8ge social est sis 2 rue Kellermann 59 100 Roubaix, inscrite au RCS de Lille M\u00e9tropole au num\u00e9ro 424 761 419 00045 et dont le num\u00e9ro intracommunautaire est FR 22 424 761 419. Le num\u00e9ro de t\u00e9l\u00e9phone de la soci\u00e9t\u00e9 OVH SAS est le 05 22 26 00 86.&nbsp;<\/p>\n","protected":false},"excerpt":{"rendered":"<p>Version en vigueur \u00e0 compter du 13 f\u00e9vrier 2022 Le site www.newartplace.com (ci-apr\u00e8s le \u00ab\u00a0Site\u00a0\u00bb) est \u00e9dit\u00e9 et exploit\u00e9 par la Soci\u00e9t\u00e9 NEW ART PLACE, soci\u00e9t\u00e9 par actions simplifi\u00e9es, au capital de 1.000 euros, inscrite au Registre du commerce et des soci\u00e9t\u00e9s de Paris sous le num\u00e9ro 893 912 311 et dont le si\u00e8ge social est situ\u00e9 6 rue Singer [&hellip;]<\/p>\n","protected":false},"author":1,"featured_media":0,"parent":0,"menu_order":0,"comment_status":"closed","ping_status":"open","template":"","meta":{"footnotes":""},"class_list":["post-269","page","type-page","status-publish","hentry"],"yoast_head":"<!-- This site is optimized with the Yoast SEO plugin v26.1.1 - https:\/\/yoast.com\/wordpress\/plugins\/seo\/ -->\n<title>Mentions l\u00e9gales - NEWARTPLACE<\/title>\n<meta name=\"robots\" content=\"index, follow, max-snippet:-1, max-image-preview:large, max-video-preview:-1\" \/>\n<link rel=\"canonical\" href=\"https:\/\/www.newartplace.com\/blog\/mentions-legales\/\" \/>\n<meta property=\"og:locale\" content=\"fr_FR\" \/>\n<meta property=\"og:type\" content=\"article\" \/>\n<meta property=\"og:title\" content=\"Mentions l\u00e9gales - NEWARTPLACE\" \/>\n<meta property=\"og:description\" content=\"Version en vigueur \u00e0 compter du 13 f\u00e9vrier 2022 Le site www.newartplace.com (ci-apr\u00e8s le \u00ab\u00a0Site\u00a0\u00bb) est \u00e9dit\u00e9 et exploit\u00e9 par la Soci\u00e9t\u00e9 NEW ART PLACE, soci\u00e9t\u00e9 par actions simplifi\u00e9es, au capital de 1.000 euros, inscrite au Registre du commerce et des soci\u00e9t\u00e9s de Paris sous le num\u00e9ro 893 912 311 et dont le si\u00e8ge social est situ\u00e9 6 rue Singer [&hellip;]\" \/>\n<meta property=\"og:url\" content=\"https:\/\/www.newartplace.com\/blog\/mentions-legales\/\" \/>\n<meta property=\"og:site_name\" content=\"NEWARTPLACE\" \/>\n<meta property=\"article:modified_time\" content=\"2022-12-13T23:04:07+00:00\" \/>\n<meta name=\"twitter:card\" content=\"summary_large_image\" \/>\n<meta name=\"twitter:label1\" content=\"Est. reading time\" \/>\n\t<meta name=\"twitter:data1\" content=\"1 minute\" \/>\n<script type=\"application\/ld+json\" class=\"yoast-schema-graph\">{\"@context\":\"https:\/\/schema.org\",\"@graph\":[{\"@type\":\"WebPage\",\"@id\":\"https:\/\/www.newartplace.com\/blog\/mentions-legales\/\",\"url\":\"https:\/\/www.newartplace.com\/blog\/mentions-legales\/\",\"name\":\"Mentions l\u00e9gales - NEWARTPLACE\",\"isPartOf\":{\"@id\":\"https:\/\/www.newartplace.com\/blog\/#website\"},\"datePublished\":\"2022-12-13T23:04:05+00:00\",\"dateModified\":\"2022-12-13T23:04:07+00:00\",\"breadcrumb\":{\"@id\":\"https:\/\/www.newartplace.com\/blog\/mentions-legales\/#breadcrumb\"},\"inLanguage\":\"fr-FR\",\"potentialAction\":[{\"@type\":\"ReadAction\",\"target\":[\"https:\/\/www.newartplace.com\/blog\/mentions-legales\/\"]}]},{\"@type\":\"BreadcrumbList\",\"@id\":\"https:\/\/www.newartplace.com\/blog\/mentions-legales\/#breadcrumb\",\"itemListElement\":[{\"@type\":\"ListItem\",\"position\":1,\"name\":\"Home\",\"item\":\"https:\/\/www.newartplace.com\/blog\/\"},{\"@type\":\"ListItem\",\"position\":2,\"name\":\"Mentions l\u00e9gales\"}]},{\"@type\":\"WebSite\",\"@id\":\"https:\/\/www.newartplace.com\/blog\/#website\",\"url\":\"https:\/\/www.newartplace.com\/blog\/\",\"name\":\"NEWARTPLACE\",\"description\":\"Les plus belles expositions sur vos \u00e9crans\",\"potentialAction\":[{\"@type\":\"SearchAction\",\"target\":{\"@type\":\"EntryPoint\",\"urlTemplate\":\"https:\/\/www.newartplace.com\/blog\/?s={search_term_string}\"},\"query-input\":{\"@type\":\"PropertyValueSpecification\",\"valueRequired\":true,\"valueName\":\"search_term_string\"}}],\"inLanguage\":\"fr-FR\"}]}<\/script>\n<!-- \/ Yoast SEO plugin. -->","yoast_head_json":{"title":"Mentions l\u00e9gales - NEWARTPLACE","robots":{"index":"index","follow":"follow","max-snippet":"max-snippet:-1","max-image-preview":"max-image-preview:large","max-video-preview":"max-video-preview:-1"},"canonical":"https:\/\/www.newartplace.com\/blog\/mentions-legales\/","og_locale":"fr_FR","og_type":"article","og_title":"Mentions l\u00e9gales - NEWARTPLACE","og_description":"Version en vigueur \u00e0 compter du 13 f\u00e9vrier 2022 Le site www.newartplace.com (ci-apr\u00e8s le \u00ab\u00a0Site\u00a0\u00bb) est \u00e9dit\u00e9 et exploit\u00e9 par la Soci\u00e9t\u00e9 NEW ART PLACE, soci\u00e9t\u00e9 par actions simplifi\u00e9es, au capital de 1.000 euros, inscrite au Registre du commerce et des soci\u00e9t\u00e9s de Paris sous le num\u00e9ro 893 912 311 et dont le si\u00e8ge social est situ\u00e9 6 rue Singer [&hellip;]","og_url":"https:\/\/www.newartplace.com\/blog\/mentions-legales\/","og_site_name":"NEWARTPLACE","article_modified_time":"2022-12-13T23:04:07+00:00","twitter_card":"summary_large_image","twitter_misc":{"Est. reading time":"1 minute"},"schema":{"@context":"https:\/\/schema.org","@graph":[{"@type":"WebPage","@id":"https:\/\/www.newartplace.com\/blog\/mentions-legales\/","url":"https:\/\/www.newartplace.com\/blog\/mentions-legales\/","name":"Mentions l\u00e9gales - NEWARTPLACE","isPartOf":{"@id":"https:\/\/www.newartplace.com\/blog\/#website"},"datePublished":"2022-12-13T23:04:05+00:00","dateModified":"2022-12-13T23:04:07+00:00","breadcrumb":{"@id":"https:\/\/www.newartplace.com\/blog\/mentions-legales\/#breadcrumb"},"inLanguage":"fr-FR","potentialAction":[{"@type":"ReadAction","target":["https:\/\/www.newartplace.com\/blog\/mentions-legales\/"]}]},{"@type":"BreadcrumbList","@id":"https:\/\/www.newartplace.com\/blog\/mentions-legales\/#breadcrumb","itemListElement":[{"@type":"ListItem","position":1,"name":"Home","item":"https:\/\/www.newartplace.com\/blog\/"},{"@type":"ListItem","position":2,"name":"Mentions l\u00e9gales"}]},{"@type":"WebSite","@id":"https:\/\/www.newartplace.com\/blog\/#website","url":"https:\/\/www.newartplace.com\/blog\/","name":"NEWARTPLACE","description":"Les plus belles expositions sur vos \u00e9crans","potentialAction":[{"@type":"SearchAction","target":{"@type":"EntryPoint","urlTemplate":"https:\/\/www.newartplace.com\/blog\/?s={search_term_string}"},"query-input":{"@type":"PropertyValueSpecification","valueRequired":true,"valueName":"search_term_string"}}],"inLanguage":"fr-FR"}]}},"_links":{"self":[{"href":"https:\/\/www.newartplace.com\/blog\/wp-json\/wp\/v2\/pages\/269","targetHints":{"allow":["GET"]}}],"collection":[{"href":"https:\/\/www.newartplace.com\/blog\/wp-json\/wp\/v2\/pages"}],"about":[{"href":"https:\/\/www.newartplace.com\/blog\/wp-json\/wp\/v2\/types\/page"}],"author":[{"embeddable":true,"href":"https:\/\/www.newartplace.com\/blog\/wp-json\/wp\/v2\/users\/1"}],"replies":[{"embeddable":true,"href":"https:\/\/www.newartplace.com\/blog\/wp-json\/wp\/v2\/comments?post=269"}],"version-history":[{"count":1,"href":"https:\/\/www.newartplace.com\/blog\/wp-json\/wp\/v2\/pages\/269\/revisions"}],"predecessor-version":[{"id":270,"href":"https:\/\/www.newartplace.com\/blog\/wp-json\/wp\/v2\/pages\/269\/revisions\/270"}],"wp:attachment":[{"href":"https:\/\/www.newartplace.com\/blog\/wp-json\/wp\/v2\/media?parent=269"}],"curies":[{"name":"wp","href":"https:\/\/api.w.org\/{rel}","templated":true}]}}